{"id":2,"date":"2015-09-16T04:24:25","date_gmt":"2015-09-16T04:24:25","guid":{"rendered":"http:\/\/wp431m.a10-52-158-154.qa.plesk.ru\/wordpress\/?page_id=2"},"modified":"2015-12-27T17:26:36","modified_gmt":"2015-12-27T17:26:36","slug":"sample-page","status":"publish","type":"page","link":"https:\/\/aurorasfa.com\/wp\/?page_id=2","title":{"rendered":"Acerca de AuroraSFA"},"content":{"rendered":"<div id=\"fb-root\"><\/div>\r\n<p>La Versatilidad actual de los negocios, con los par\u00e1metros de costo, tiempo y espacio sensiblemente reducidos, imprimen la necesidad de utilizar sistemas y recursos que puedan mejorar la posici\u00f3n competitiva de una compa\u00f1\u00eda y optimizar los tiempos de respuesta a los grupos objetivos del negocio u operacion.<\/p>\n<p>&nbsp;<\/p>\n<p>En este sentido, los sistemas de informaci\u00f3n son determinantes en el \u00e9xito de una negociaci\u00f3n, haciendo posible que el dato preciso est\u00e9 disponible en el momento justo por parte de quien negocia.<\/p>\n<p>Para dar respuesta a esta necesidad, <a href=\"http:\/\/www.aurorasi.com\/\">Aurora Soluciones Integrales<\/a> pone al servicio del sector empresarial una aplicaci\u00f3n dirigida a automatizar procesos fundamentales para la fuerza de de trabajo n\u00f3mada, haciendo posible consultar en demanda la informaci\u00f3n, desde el sitio mismo en que se genera el negocio, dicha informaci\u00f3n puede relacionarse a inventarios, estados de cuenta, cotizaciones, preventa, supervisi\u00f3n, pron\u00f3sticos, reportes, conocimiento del cliente y la competencia, seguimiento de las visitas realizadas a una empresa, o tener acceso a estad\u00edsticas de gesti\u00f3n para tomar decisiones objetivas y oportunas, entre otros aspectos.<\/p>\n<p>Con esta soluci\u00f3n las empresas est\u00e1n en capacidad de monitorear en tiempo real las actividades del personal; reducir costos de digitaci\u00f3n, retrasos en la informaci\u00f3n y errores de digitaci\u00f3n; y obtener mayor velocidad, eficiencia, seguridad y simplicidad en sus procesos.<\/p>\n","protected":false},"excerpt":{"rendered":"<p>La Versatilidad actual de los negocios, con los par\u00e1metros de costo, tiempo y espacio sensiblemente reducidos, imprimen la necesidad de utilizar sistemas y recursos que puedan mejorar la posici\u00f3n competitiva de una compa\u00f1\u00eda y optimizar los tiempos de respuesta a los grupos objetivos del negocio u operacion. &nbsp; En este sentido, los sistemas de informaci\u00f3n [&hellip;]<\/p>\n","protected":false},"author":1,"featured_media":0,"parent":0,"menu_order":0,"comment_status":"closed","ping_status":"open","template":"","meta":{"footnotes":""},"class_list":["post-2","page","type-page","status-publish","hentry"],"_links":{"self":[{"href":"https:\/\/aurorasfa.com\/wp\/index.php?rest_route=\/wp\/v2\/pages\/2","targetHints":{"allow":["GET"]}}],"collection":[{"href":"https:\/\/aurorasfa.com\/wp\/index.php?rest_route=\/wp\/v2\/pages"}],"about":[{"href":"https:\/\/aurorasfa.com\/wp\/index.php?rest_route=\/wp\/v2\/types\/page"}],"author":[{"embeddable":true,"href":"https:\/\/aurorasfa.com\/wp\/index.php?rest_route=\/wp\/v2\/users\/1"}],"replies":[{"embeddable":true,"href":"https:\/\/aurorasfa.com\/wp\/index.php?rest_route=%2Fwp%2Fv2%2Fcomments&post=2"}],"version-history":[{"count":1,"href":"https:\/\/aurorasfa.com\/wp\/index.php?rest_route=\/wp\/v2\/pages\/2\/revisions"}],"predecessor-version":[{"id":10,"href":"https:\/\/aurorasfa.com\/wp\/index.php?rest_route=\/wp\/v2\/pages\/2\/revisions\/10"}],"wp:attachment":[{"href":"https:\/\/aurorasfa.com\/wp\/index.php?rest_route=%2Fwp%2Fv2%2Fmedia&parent=2"}],"curies":[{"name":"wp","href":"https:\/\/api.w.org\/{rel}","templated":true}]}}